{"id":579,"date":"2025-05-02T23:19:19","date_gmt":"2025-05-02T23:19:19","guid":{"rendered":"https:\/\/grupoartigiano.com\/?page_id=579"},"modified":"2025-06-29T20:40:16","modified_gmt":"2025-06-29T20:40:16","slug":"artigiano-gelati","status":"publish","type":"page","link":"https:\/\/grupoartigiano.com\/en\/artigiano-gelati\/","title":{"rendered":"Artigiano Gelati"},"content":{"rendered":"<div class=\"wp-block-group alignwide hostinger-ai-gallery-2 hostinger-ai-fade-up is-layout-flow wp-block-group-is-layout-flow\" data-aos=\"fade-up\">\n<h1 class=\"wp-block-heading has-text-align-center hostinger-ai-title has-dark-color has-text-color has-link-color has-lato-font-family wp-elements-2cac86094fd59940735a4e521f4e929a\" style=\"margin-top:0;margin-right:0;margin-bottom:var(--wp--preset--spacing--20);margin-left:0;font-size:clamp(18.959px, 1.185rem + ((1vw - 3.2px) * 1.416), 30px);\"><strong><strong><strong>Italian artisan ice cream<\/strong><\/strong><\/strong><\/h1>\n\n\n\n<p class=\"has-text-align-center hostinger-ai-description has-dark-color has-text-color has-link-color has-cinzel-font-family has-medium-font-size wp-elements-f3d13dca815e909a21730e37318dbc8b\" style=\"border-style:none;border-width:0px;margin-top:0;margin-right:var(--wp--preset--spacing--50);margin-bottom:0;margin-left:var(--wp--preset--spacing--50);padding-right:0;padding-left:0\">O Grupo Artigiano , criadores do aclamado&nbsp;Artigiano Ristorante e Pizzeria&nbsp;e do irresist\u00edvel&nbsp;Brunch Artigiano&nbsp;, tem o prazer de apresentar o seu mais recente cap\u00edtulo gastron\u00f3mico:&nbsp; Artigiano Gelati. <\/p>\n<\/div>\n\n\n\n<div class=\"wp-block-columns is-layout-flex wp-container-core-columns-is-layout-e0e4babd wp-block-columns-is-layout-flex\" style=\"padding-right:0;padding-left:0\">\n<div class=\"wp-block-column is-layout-flow wp-block-column-is-layout-flow\">\n<figure class=\"wp-block-image size-large\"><img loading=\"lazy\" decoding=\"async\" width=\"768\" height=\"1024\" src=\"https:\/\/grupoartigiano.com\/wp-content\/uploads\/2025\/06\/Waffle-768x1024.jpeg\" alt=\"\" class=\"wp-image-716\" srcset=\"https:\/\/grupoartigiano.com\/wp-content\/uploads\/2025\/06\/Waffle-768x1024.jpeg 768w, https:\/\/grupoartigiano.com\/wp-content\/uploads\/2025\/06\/Waffle-225x300.jpeg 225w, https:\/\/grupoartigiano.com\/wp-content\/uploads\/2025\/06\/Waffle-1152x1536.jpeg 1152w, https:\/\/grupoartigiano.com\/wp-content\/uploads\/2025\/06\/Waffle-1536x2048.jpeg 1536w, https:\/\/grupoartigiano.com\/wp-content\/uploads\/2025\/06\/Waffle-9x12.jpeg 9w, https:\/\/grupoartigiano.com\/wp-content\/uploads\/2025\/06\/Waffle-scaled.jpeg 1920w\" sizes=\"auto, (max-width: 768px) 100vw, 768px\" \/><\/figure>\n<\/div>\n\n\n\n<div class=\"wp-block-column is-vertically-aligned-center is-layout-flow wp-block-column-is-layout-flow\">\n<figure class=\"wp-block-image size-large is-resized\"><img loading=\"lazy\" decoding=\"async\" width=\"602\" height=\"1024\" src=\"https:\/\/grupoartigiano.com\/wp-content\/uploads\/2025\/06\/Cone-602x1024.jpeg\" alt=\"\" class=\"wp-image-718\" style=\"width:261px;height:auto\" srcset=\"https:\/\/grupoartigiano.com\/wp-content\/uploads\/2025\/06\/Cone-602x1024.jpeg 602w, https:\/\/grupoartigiano.com\/wp-content\/uploads\/2025\/06\/Cone-176x300.jpeg 176w, https:\/\/grupoartigiano.com\/wp-content\/uploads\/2025\/06\/Cone-768x1306.jpeg 768w, https:\/\/grupoartigiano.com\/wp-content\/uploads\/2025\/06\/Cone-903x1536.jpeg 903w, https:\/\/grupoartigiano.com\/wp-content\/uploads\/2025\/06\/Cone-7x12.jpeg 7w, https:\/\/grupoartigiano.com\/wp-content\/uploads\/2025\/06\/Cone.jpeg 1204w\" sizes=\"auto, (max-width: 602px) 100vw, 602px\" \/><\/figure>\n<\/div>\n<\/div>\n\n\n\n<p class=\"has-text-align-center has-text-color has-link-color wp-elements-36f479fae91a1ef48bf0e5f53730c0e7\" style=\"color:#16b37a;font-size:clamp(18.959px, 1.185rem + ((1vw - 3.2px) * 1.416), 30px);\"><br><strong>Try our waffles with ice cream, ice cream sundaes, our special affogato, cocktails and more!<\/strong><\/p>\n\n\n\n<figure class=\"wp-block-pullquote alignwide has-lato-font-family has-large-font-size\" style=\"padding-top:0;padding-bottom:0\"><blockquote><p><br><strong>Authentic gelato. Italian tradition. Flavour you can feel.<\/strong><br><br>Inspired by Italian tradition and driven by a deep respect for the art of handcrafted gelato, each flavour is made with top-quality ingredients, imported directly from Italy. The creamy texture, authentic ingredients, and passion for creating unforgettable moments make this gelateria a must-visit destination.<br><\/p><\/blockquote><\/figure>\n\n\n\n<h3 class=\"wp-block-heading alignwide has-text-align-center hostinger-ai-title has-dark-color has-text-color has-link-color has-serif-font-family wp-elements-bc0da0320d1054238fd3e25b7c2736f4\" style=\"margin-top:0;margin-right:0;margin-bottom:var(--wp--preset--spacing--40);margin-left:0;font-size:clamp(16.293px, 1.018rem + ((1vw - 3.2px) * 1.116), 25px);\"><br><br>Location<\/h3>\n\n\n\n<div class=\"wp-block-columns alignwide are-vertically-aligned-top is-layout-flex wp-container-core-columns-is-layout-03da1933 wp-block-columns-is-layout-flex\" style=\"margin-top:0;margin-bottom:0;padding-bottom:var(--wp--preset--spacing--40)\">\n<div class=\"wp-block-column is-vertically-aligned-top is-layout-flow wp-block-column-is-layout-flow\">\n<p class=\"has-link-color has-lato-font-family has-medium-font-size wp-elements-9b649bcc2c61be9e482f0251f22e4f96\" style=\"border-style:none;border-width:0px;margin-top:0;margin-right:0;margin-bottom:0;margin-left:0\">R. Pascoal de Melo 136, 1000-236, Lisboa.<\/p>\n\n\n\n<p class=\"has-dark-color has-text-color has-link-color has-lato-font-family has-medium-font-size wp-elements-153de1458a14bec3b5e7a20e8f6b494b\" style=\"border-style:none;border-width:0px;margin-top:0;margin-right:0;margin-bottom:0;margin-left:0\">Monday to Sunday from 10:00 AM \u2013 11:00 PM<\/p>\n<\/div>\n<\/div>\n\n\n\n<div class=\"wp-block-group hostinger-ai-fade-up has-global-padding is-layout-constrained wp-block-group-is-layout-constrained\" data-aos=\"fade-up\">\n<iframe src=\"https:\/\/www.google.com\/maps\/embed?pb=!1m18!1m12!1m3!1d194.52456008536257!2d-9.140155746322257!3d38.73174385572257!2m3!1f0!2f0!3f0!3m2!1i1024!2i768!4f13.1!3m3!1m2!1s0xd1933c4e0a70587%3A0x4201ec59db960378!2sARTIGIANO%20Gelati!5e0!3m2!1ses-419!2spt!4v1751228111773!5m2!1ses-419!2spt\" width=\"600\" height=\"450\" style=\"border:0;\" allowfullscreen=\"\" loading=\"lazy\" referrerpolicy=\"no-referrer-when-downgrade\"><\/iframe>\n<\/div>\n\n\n\n<p><br><\/p>","protected":false},"excerpt":{"rendered":"<p>Gelado artesanal italiano O Grupo Artigiano , criadores do aclamado&nbsp;Artigiano Ristorante e Pizzeria&nbsp;e do irresist\u00edvel&nbsp;Brunch Artigiano&nbsp;, tem o prazer de apresentar o seu mais recente cap\u00edtulo gastron\u00f3mico:&nbsp; Artigiano Gelati. Experimenta os nossos waffles com gelado, ta\u00e7as de gelado, o nosso affogato especial, cocktails e muito mais! Gelados aut\u00eanticos. Tradi\u00e7\u00e3o italiana. Sabor que se sente. Inspirada [&hellip;]<\/p>\n","protected":false},"author":2,"featured_media":0,"parent":0,"menu_order":0,"comment_status":"closed","ping_status":"closed","template":"","meta":{"footnotes":""},"class_list":["post-579","page","type-page","status-publish","hentry"],"_links":{"self":[{"href":"https:\/\/grupoartigiano.com\/en\/wp-json\/wp\/v2\/pages\/579","targetHints":{"allow":["GET"]}}],"collection":[{"href":"https:\/\/grupoartigiano.com\/en\/wp-json\/wp\/v2\/pages"}],"about":[{"href":"https:\/\/grupoartigiano.com\/en\/wp-json\/wp\/v2\/types\/page"}],"author":[{"embeddable":true,"href":"https:\/\/grupoartigiano.com\/en\/wp-json\/wp\/v2\/users\/2"}],"replies":[{"embeddable":true,"href":"https:\/\/grupoartigiano.com\/en\/wp-json\/wp\/v2\/comments?post=579"}],"version-history":[{"count":23,"href":"https:\/\/grupoartigiano.com\/en\/wp-json\/wp\/v2\/pages\/579\/revisions"}],"predecessor-version":[{"id":724,"href":"https:\/\/grupoartigiano.com\/en\/wp-json\/wp\/v2\/pages\/579\/revisions\/724"}],"wp:attachment":[{"href":"https:\/\/grupoartigiano.com\/en\/wp-json\/wp\/v2\/media?parent=579"}],"curies":[{"name":"wp","href":"https:\/\/api.w.org\/{rel}","templated":true}]}}