{"id":44,"date":"2025-03-05T16:46:16","date_gmt":"2025-03-05T16:46:16","guid":{"rendered":"https:\/\/grupoartigiano.com\/brunch\/"},"modified":"2025-07-03T21:43:59","modified_gmt":"2025-07-03T21:43:59","slug":"brunch-artigiano","status":"publish","type":"page","link":"https:\/\/grupoartigiano.com\/en\/brunch-artigiano\/","title":{"rendered":"Brunch Artigiano"},"content":{"rendered":"<div class=\"wp-block-group alignwide hostinger-ai-gallery-2 hostinger-ai-fade-up is-layout-flow wp-block-group-is-layout-flow\" data-aos=\"fade-up\">\n<h1 class=\"wp-block-heading has-text-align-center hostinger-ai-title has-dark-color has-text-color has-link-color wp-elements-4c0f258f7eeb0086e12bfda5199e16aa\" style=\"margin-top:0;margin-right:0;margin-bottom:var(--wp--preset--spacing--20);margin-left:0;font-size:clamp(18.959px, 1.185rem + ((1vw - 3.2px) * 1.416), 30px);\"><strong>Your daily date with the best brunch in Lisbon.<\/strong><\/h1>\n\n\n\n<p class=\"has-text-align-center hostinger-ai-description has-dark-color has-text-color has-link-color has-cinzel-font-family has-medium-font-size wp-elements-aa613322c75f0c618954d49f8b41ff14\" style=\"border-style:none;border-width:0px;margin-top:0;margin-right:var(--wp--preset--spacing--50);margin-bottom:0;margin-left:var(--wp--preset--spacing--50);padding-right:0;padding-left:0\">The Artigiano Brunch is more than a meal \u2013 it\u2019s our passion. We\u2019ve created a space where every bite reflects our love for quality, flavor, and creativity. From our freshly baked stuffed croissants to the fluffy pancakes, and the irresistible appetizers and gourmet dishes, we\u2019ve crafted a menu that brings together the best that brunch has to offer.<\/p>\n\n\n\n<div class=\"wp-block-columns alignwide are-vertically-aligned-center is-layout-flex wp-container-core-columns-is-layout-28f84493 wp-block-columns-is-layout-flex\">\n<div class=\"wp-block-column is-vertically-aligned-center is-layout-flow wp-block-column-is-layout-flow\" style=\"flex-basis:25%\">\n<figure class=\"wp-block-image size-large has-custom-border hostinger-ai-image hostinger-index-5\"><img loading=\"lazy\" decoding=\"async\" width=\"683\" height=\"1024\" src=\"https:\/\/grupoartigiano.com\/wp-content\/uploads\/2025\/03\/Si-brunch-4-683x1024.jpg\" alt=\"\" class=\"wp-image-342\" style=\"border-radius:8px;aspect-ratio:0.5625;object-fit:cover\" srcset=\"https:\/\/grupoartigiano.com\/wp-content\/uploads\/2025\/03\/Si-brunch-4-683x1024.jpg 683w, https:\/\/grupoartigiano.com\/wp-content\/uploads\/2025\/03\/Si-brunch-4-200x300.jpg 200w, https:\/\/grupoartigiano.com\/wp-content\/uploads\/2025\/03\/Si-brunch-4-768x1152.jpg 768w, https:\/\/grupoartigiano.com\/wp-content\/uploads\/2025\/03\/Si-brunch-4-1024x1536.jpg 1024w, https:\/\/grupoartigiano.com\/wp-content\/uploads\/2025\/03\/Si-brunch-4-1365x2048.jpg 1365w, https:\/\/grupoartigiano.com\/wp-content\/uploads\/2025\/03\/Si-brunch-4-scaled.jpg 1707w\" sizes=\"auto, (max-width: 683px) 100vw, 683px\" \/><\/figure>\n<\/div>\n\n\n\n<div class=\"wp-block-column is-vertically-aligned-center is-layout-flow wp-block-column-is-layout-flow\" style=\"flex-basis:25%\">\n<figure class=\"wp-block-image size-large has-custom-border hostinger-ai-image hostinger-index-5\"><img loading=\"lazy\" decoding=\"async\" width=\"819\" height=\"1024\" src=\"https:\/\/grupoartigiano.com\/wp-content\/uploads\/2025\/03\/IMG_8375-819x1024.jpg\" alt=\"Pancakes\" class=\"wp-image-192\" style=\"border-radius:8px;aspect-ratio:0.5625;object-fit:cover\" srcset=\"https:\/\/grupoartigiano.com\/wp-content\/uploads\/2025\/03\/IMG_8375-819x1024.jpg 819w, https:\/\/grupoartigiano.com\/wp-content\/uploads\/2025\/03\/IMG_8375-240x300.jpg 240w, https:\/\/grupoartigiano.com\/wp-content\/uploads\/2025\/03\/IMG_8375-768x960.jpg 768w, https:\/\/grupoartigiano.com\/wp-content\/uploads\/2025\/03\/IMG_8375-1229x1536.jpg 1229w, https:\/\/grupoartigiano.com\/wp-content\/uploads\/2025\/03\/IMG_8375-1638x2048.jpg 1638w, https:\/\/grupoartigiano.com\/wp-content\/uploads\/2025\/03\/IMG_8375-scaled.jpg 2048w\" sizes=\"auto, (max-width: 819px) 100vw, 819px\" \/><\/figure>\n<\/div>\n\n\n\n<div class=\"wp-block-column is-vertically-aligned-center is-layout-flow wp-block-column-is-layout-flow\" style=\"flex-basis:25%\">\n<figure class=\"wp-block-image size-full has-custom-border hostinger-ai-image hostinger-index-6\"><img loading=\"lazy\" decoding=\"async\" width=\"2048\" height=\"2560\" src=\"https:\/\/grupoartigiano.com\/wp-content\/uploads\/2025\/03\/IMG_8321-scaled.jpg\" alt=\"Coffee\" class=\"wp-image-193\" style=\"border-radius:8px;aspect-ratio:0.5625;object-fit:cover\" srcset=\"https:\/\/grupoartigiano.com\/wp-content\/uploads\/2025\/03\/IMG_8321-scaled.jpg 2048w, https:\/\/grupoartigiano.com\/wp-content\/uploads\/2025\/03\/IMG_8321-240x300.jpg 240w, https:\/\/grupoartigiano.com\/wp-content\/uploads\/2025\/03\/IMG_8321-819x1024.jpg 819w, https:\/\/grupoartigiano.com\/wp-content\/uploads\/2025\/03\/IMG_8321-768x960.jpg 768w, https:\/\/grupoartigiano.com\/wp-content\/uploads\/2025\/03\/IMG_8321-1229x1536.jpg 1229w, https:\/\/grupoartigiano.com\/wp-content\/uploads\/2025\/03\/IMG_8321-1638x2048.jpg 1638w\" sizes=\"auto, (max-width: 2048px) 100vw, 2048px\" \/><\/figure>\n<\/div>\n\n\n\n<div class=\"wp-block-column is-vertically-aligned-center is-layout-flow wp-block-column-is-layout-flow\" style=\"flex-basis:25%\">\n<figure class=\"wp-block-image size-full has-custom-border hostinger-ai-image hostinger-index-7\"><img loading=\"lazy\" decoding=\"async\" width=\"2048\" height=\"2560\" src=\"https:\/\/grupoartigiano.com\/wp-content\/uploads\/2025\/03\/IMG_8380-scaled.jpg\" alt=\"Toast\" class=\"wp-image-194\" style=\"border-radius:8px;aspect-ratio:0.5625;object-fit:cover\" srcset=\"https:\/\/grupoartigiano.com\/wp-content\/uploads\/2025\/03\/IMG_8380-scaled.jpg 2048w, https:\/\/grupoartigiano.com\/wp-content\/uploads\/2025\/03\/IMG_8380-240x300.jpg 240w, https:\/\/grupoartigiano.com\/wp-content\/uploads\/2025\/03\/IMG_8380-819x1024.jpg 819w, https:\/\/grupoartigiano.com\/wp-content\/uploads\/2025\/03\/IMG_8380-768x960.jpg 768w, https:\/\/grupoartigiano.com\/wp-content\/uploads\/2025\/03\/IMG_8380-1229x1536.jpg 1229w, https:\/\/grupoartigiano.com\/wp-content\/uploads\/2025\/03\/IMG_8380-1638x2048.jpg 1638w\" sizes=\"auto, (max-width: 2048px) 100vw, 2048px\" \/><\/figure>\n<\/div>\n<\/div>\n<\/div>\n\n\n\n<figure class=\"wp-block-pullquote alignwide has-lato-font-family has-medium-font-size\" style=\"padding-top:0;padding-bottom:0\"><blockquote><p>For me, there\u2019s nothing better than starting the day with a good Italian coffee. Here, I want you to feel the same \u2013 enjoy irresistible savory dishes, pistachio and Nutella croissants, freshly brewed coffee, crunchy toasts, and fluffy pancakes. There\u2019s always something special waiting for you. Come and make your day more delicious!<\/p><cite><strong>Miranda Ashta<\/strong><br>General Manager &#8211; Brunch Artigiano.<br><\/cite><\/blockquote><\/figure>\n\n\n\n<p class=\"has-text-align-center\" style=\"font-size:clamp(18.959px, 1.185rem + ((1vw - 3.2px) * 1.416), 30px);\"><strong>Our Menu<\/strong><\/p>\n\n\n\n<div data-wp-interactive=\"core\/file\" class=\"wp-block-file aligncenter\"><object data-wp-bind--hidden=\"!state.hasPdfPreview\" hidden class=\"wp-block-file__embed\" data=\"https:\/\/grupoartigiano.com\/wp-content\/uploads\/2025\/04\/Menu-Brunch.pdf\" type=\"application\/pdf\" style=\"width:100%;height:430px\" aria-label=\"Embed of Descarregue o nosso menu.\"><\/object><a id=\"wp-block-file--media-38362064-1baa-45fc-ae41-608f85a361d1\" href=\"https:\/\/grupoartigiano.com\/en\/brunch-artigiano\/menu-brunch\/\" target=\"_blank\" rel=\"noreferrer noopener\">Download our menu<\/a><\/div>\n\n\n\n<p class=\"has-text-align-center has-lato-font-family\" style=\"font-size:clamp(16.293px, 1.018rem + ((1vw - 3.2px) * 1.116), 25px);\"><a href=\"https:\/\/www.nit.pt\/comida\/restaurantes\/brunch-al-parmigiano-tem-especialidades-italianas-e-mini-espetaculos-de-fogo-a-mesa\"><strong><strong>We\u2019ve been featured in NiT! Take a look.<\/strong><\/strong><\/a><\/p>\n\n\n\n<figure class=\"wp-block-image alignwide size-large\"><a href=\"https:\/\/www.nit.pt\/comida\/restaurantes\/brunch-al-parmigiano-tem-especialidades-italianas-e-mini-espetaculos-de-fogo-a-mesa\"><img loading=\"lazy\" decoding=\"async\" width=\"1024\" height=\"949\" src=\"https:\/\/grupoartigiano.com\/wp-content\/uploads\/2025\/03\/image-3-1024x949.png\" alt=\"\" class=\"wp-image-345\" srcset=\"https:\/\/grupoartigiano.com\/wp-content\/uploads\/2025\/03\/image-3-1024x949.png 1024w, https:\/\/grupoartigiano.com\/wp-content\/uploads\/2025\/03\/image-3-300x278.png 300w, https:\/\/grupoartigiano.com\/wp-content\/uploads\/2025\/03\/image-3-768x712.png 768w, https:\/\/grupoartigiano.com\/wp-content\/uploads\/2025\/03\/image-3.png 1446w\" sizes=\"auto, (max-width: 1024px) 100vw, 1024px\" \/><\/a><\/figure>\n\n\n\n<div class=\"wp-block-group hostinger-ai-fade-up has-global-padding is-layout-constrained wp-block-group-is-layout-constrained\" data-aos=\"fade-up\" style=\"padding-top:0;padding-bottom:0\">\n<div class=\"wp-block-group alignwide hostinger-ai-fade-up has-global-padding is-layout-constrained wp-block-group-is-layout-constrained\" data-aos=\"fade-up\">\n<h3 class=\"wp-block-heading alignwide has-text-align-center hostinger-ai-title has-dark-color has-text-color has-link-color has-serif-font-family wp-elements-e821ef8c1696c3205c840c841e7fbeba\" style=\"margin-top:0;margin-right:0;margin-bottom:var(--wp--preset--spacing--40);margin-left:0;font-size:clamp(16.293px, 1.018rem + ((1vw - 3.2px) * 1.116), 25px);\">Location<\/h3>\n\n\n\n<div class=\"wp-block-columns alignwide are-vertically-aligned-top is-layout-flex wp-container-core-columns-is-layout-03da1933 wp-block-columns-is-layout-flex\" style=\"margin-top:0;margin-bottom:0;padding-bottom:var(--wp--preset--spacing--40)\">\n<div class=\"wp-block-column is-vertically-aligned-top is-layout-flow wp-block-column-is-layout-flow\">\n<p class=\"has-link-color has-lato-font-family has-medium-font-size wp-elements-1e049c44e075045b8be45684256de0d8\" style=\"border-style:none;border-width:0px;margin-top:0;margin-right:0;margin-bottom:0;margin-left:0\">Av. Alm. Reis 79A, 1150-028,  Lisboa.<\/p>\n\n\n\n<p class=\"has-dark-color has-text-color has-link-color has-lato-font-family has-medium-font-size wp-elements-d537c55936a728eed8cb48b939504e78\" style=\"border-style:none;border-width:0px;margin-top:0;margin-right:0;margin-bottom:0;margin-left:0\">Monday to Sunday from 8:30 AM \u2013 7:00 PM<\/p>\n<\/div>\n<\/div>\n\n\n\n<div class=\"wp-block-group hostinger-ai-fade-up has-global-padding is-layout-constrained wp-block-group-is-layout-constrained\" data-aos=\"fade-up\">\n<iframe title=\"BrunchArtigianoMap\" src=\"https:\/\/www.google.com\/maps\/embed?pb=!1m18!1m12!1m3!1d3112.5829175783065!2d-9.13760642406205!3d38.72738377176084!2m3!1f0!2f0!3f0!3m2!1i1024!2i768!4f13.1!3m3!1m2!1s0xd1933f4259859bb%3A0x7da45e0da00710ff!2sBrunch%20Al%20Parmigiano!5e0!3m2!1ses-419!2spt!4v1742402214662!5m2!1ses-419!2spt\" width=\"600\" height=\"450\" style=\"border:0;\" allowfullscreen=\"\" loading=\"lazy\" referrerpolicy=\"no-referrer-when-downgrade\"><\/iframe>\n<\/div>\n<\/div>\n<\/div>","protected":false},"excerpt":{"rendered":"<p>A tua cita di\u00e1ria com o melhor brunch de Lisboa O Brunch Artigiano \u00e9 mais do que uma refei\u00e7\u00e3o \u2013 \u00e9 a nossa paix\u00e3o. Cri\u00e1mos um espa\u00e7o onde cada bocado reflete o nosso amor pela qualidade, pelo sabor e pela criatividade. Dos nossos croissants recheados e acabados de sair do forno \u00e0s panquecas fofas, passando [&hellip;]<\/p>\n","protected":false},"author":2,"featured_media":0,"parent":0,"menu_order":0,"comment_status":"closed","ping_status":"closed","template":"","meta":{"footnotes":""},"class_list":["post-44","page","type-page","status-publish","hentry"],"_links":{"self":[{"href":"https:\/\/grupoartigiano.com\/en\/wp-json\/wp\/v2\/pages\/44","targetHints":{"allow":["GET"]}}],"collection":[{"href":"https:\/\/grupoartigiano.com\/en\/wp-json\/wp\/v2\/pages"}],"about":[{"href":"https:\/\/grupoartigiano.com\/en\/wp-json\/wp\/v2\/types\/page"}],"author":[{"embeddable":true,"href":"https:\/\/grupoartigiano.com\/en\/wp-json\/wp\/v2\/users\/2"}],"replies":[{"embeddable":true,"href":"https:\/\/grupoartigiano.com\/en\/wp-json\/wp\/v2\/comments?post=44"}],"version-history":[{"count":84,"href":"https:\/\/grupoartigiano.com\/en\/wp-json\/wp\/v2\/pages\/44\/revisions"}],"predecessor-version":[{"id":736,"href":"https:\/\/grupoartigiano.com\/en\/wp-json\/wp\/v2\/pages\/44\/revisions\/736"}],"wp:attachment":[{"href":"https:\/\/grupoartigiano.com\/en\/wp-json\/wp\/v2\/media?parent=44"}],"curies":[{"name":"wp","href":"https:\/\/api.w.org\/{rel}","templated":true}]}}