{"id":43,"date":"2025-03-05T16:46:16","date_gmt":"2025-03-05T16:46:16","guid":{"rendered":"https:\/\/grupoartigiano.com\/nosotros\/"},"modified":"2025-06-29T20:53:13","modified_gmt":"2025-06-29T20:53:13","slug":"aboutus","status":"publish","type":"page","link":"https:\/\/grupoartigiano.com\/en\/aboutus\/","title":{"rendered":"About us"},"content":{"rendered":"<div class=\"wp-block-group alignfull hostinger-ai-resume-1 hostinger-ai-fade-up has-global-padding is-layout-constrained wp-block-group-is-layout-constrained\" data-aos=\"fade-up\">\n<div class=\"wp-block-group alignwide hostinger-ai-fade-up is-layout-flow wp-block-group-is-layout-flow\" data-aos=\"fade-up\" style=\"padding-top:var(--wp--preset--spacing--60);padding-bottom:var(--wp--preset--spacing--60)\">\n<div class=\"wp-block-columns is-layout-flex wp-container-core-columns-is-layout-28f84493 wp-block-columns-is-layout-flex\">\n<div class=\"wp-block-column is-layout-flow wp-block-column-is-layout-flow\">\n<p class=\"has-text-align-left\" style=\"font-size:clamp(14px, 0.875rem + ((1vw - 3.2px) * 0.769), 20px);\"><\/p>\n\n\n\n<figure class=\"wp-block-image aligncenter size-medium is-resized\"><img loading=\"lazy\" decoding=\"async\" width=\"200\" height=\"300\" src=\"https:\/\/grupoartigiano.com\/wp-content\/uploads\/2025\/03\/SLV05419-2-200x300.jpg\" alt=\"\" class=\"wp-image-140\" style=\"width:263px;height:auto\" srcset=\"https:\/\/grupoartigiano.com\/wp-content\/uploads\/2025\/03\/SLV05419-2-200x300.jpg 200w, https:\/\/grupoartigiano.com\/wp-content\/uploads\/2025\/03\/SLV05419-2-682x1024.jpg 682w, https:\/\/grupoartigiano.com\/wp-content\/uploads\/2025\/03\/SLV05419-2-768x1152.jpg 768w, https:\/\/grupoartigiano.com\/wp-content\/uploads\/2025\/03\/SLV05419-2-1024x1536.jpg 1024w, https:\/\/grupoartigiano.com\/wp-content\/uploads\/2025\/03\/SLV05419-2.jpg 1333w\" sizes=\"auto, (max-width: 200px) 100vw, 200px\" \/><\/figure>\n<\/div>\n\n\n\n<div class=\"wp-block-column is-layout-flow wp-block-column-is-layout-flow\">\n<div class=\"wp-block-group hostinger-ai-fade-up has-cinzel-font-family is-layout-flow wp-block-group-is-layout-flow\" data-aos=\"fade-up\" style=\"margin-bottom:var(--wp--preset--spacing--60)\">\n<p class=\"hostinger-ai-subtitle hostinger-index-1 hostinger-ai-font-bold has-dark-color has-text-color has-link-color has-roboto-font-family has-large-font-size wp-elements-3a486c183be5dc041f217e8e5a459d13\" style=\"margin-top:0;margin-bottom:var(--wp--preset--spacing--20)\"><strong>Xhuliano Hila<\/strong><br>CEO<\/p>\n\n\n\n<p class=\"has-cinzel-font-family has-medium-font-size\">Xhuliano Hila is passionate about Italian cuisine. From a very young age, he emigrated to Italy to complete his studies, where he discovered his love for gastronomy and the richness of Italian culture.<br>With an innovative vision and a deep respect for tradition, he brought the authentic flavors of Italy to Lisbon, combining traditional dishes with unique creations like pistachio tiramis\u00f9 and Limoncello Spritz.<br>His leadership in the culinary group reflects his commitment to excellence, offering a dining experience that honors true Italian cuisine.<\/p>\n<\/div>\n<\/div>\n<\/div>\n<\/div>\n<\/div>\n\n\n\n<div class=\"wp-block-group alignfull hostinger-ai-resume-1 hostinger-ai-fade-up has-global-padding is-layout-constrained wp-block-group-is-layout-constrained\" data-aos=\"fade-up\">\n<div class=\"wp-block-group alignwide hostinger-ai-fade-up is-layout-flow wp-block-group-is-layout-flow\" data-aos=\"fade-up\" style=\"padding-top:var(--wp--preset--spacing--60);padding-bottom:var(--wp--preset--spacing--60)\">\n<div class=\"wp-block-columns is-layout-flex wp-container-core-columns-is-layout-28f84493 wp-block-columns-is-layout-flex\">\n<div class=\"wp-block-column is-layout-flow wp-block-column-is-layout-flow\">\n<div class=\"wp-block-group hostinger-ai-fade-up has-cinzel-font-family is-layout-flow wp-block-group-is-layout-flow\" data-aos=\"fade-up\" style=\"margin-bottom:var(--wp--preset--spacing--60)\">\n<p class=\"has-large-font-size\"><strong>Vision and Mission<\/strong><br>Our greatest satisfaction is seeing our customers enjoy themselves. We believe in constant improvement and the value of constructive feedback, which challenges us to grow and perfect every dish.<br>More than a culinary group, we are guardians of true Italian cuisine. From Lisbon, we work every day to bring authentic flavors to the table, respecting tradition while exploring new ways to surprise.<br>With passion and dedication, we continue to elevate the dining experience, keeping the essence of Italy alive in every dish.<\/p>\n<\/div>\n<\/div>\n<\/div>\n\n\n\n<div class=\"wp-block-group alignwide hostinger-ai-fade-up has-allura-font-family has-global-padding is-content-justification-center is-layout-constrained wp-block-group-is-layout-constrained\" data-aos=\"fade-up\" style=\"padding-top:var(--wp--preset--spacing--60);padding-bottom:var(--wp--preset--spacing--60)\">\n<h2 class=\"wp-block-heading has-text-align-center hostinger-ai-title has-dark-color has-text-color has-link-color has-cinzel-decorative-font-family wp-elements-d52502a32c25f5afdd5955204adaef62\" style=\"margin-top:0;margin-right:0;margin-bottom:var(--wp--preset--spacing--20);margin-left:0;font-size:clamp(16.293px, 1.018rem + ((1vw - 3.2px) * 1.116), 25px);\">Grupo Artigiano<\/h2>\n\n\n\n<p class=\"has-text-align-center hostinger-ai-description has-dark-color has-text-color has-link-color has-cinzel-font-family has-large-font-size wp-elements-ed7d44191fa27e7c54e8e2fc3940313d\" style=\"margin-top:0;margin-bottom:0\">Discover the essence and tradition of Italian cuisine.<\/p>\n\n\n\n<div class=\"wp-block-group hostinger-ai-fade-up has-allura-font-family is-layout-grid wp-container-core-group-is-layout-962628ef wp-block-group-is-layout-grid\" data-aos=\"fade-up\" style=\"padding-top:var(--wp--preset--spacing--60);padding-bottom:var(--wp--preset--spacing--60)\">\n<div class=\"wp-block-group hostinger-ai-fade-up is-content-justification-center is-layout-flex wp-container-core-group-is-layout-b02886af wp-block-group-is-layout-flex\" data-aos=\"fade-up\">\n<figure class=\"wp-block-image size-large is-resized has-custom-border hostinger-ai-image hostinger-index-2\"><img loading=\"lazy\" decoding=\"async\" width=\"682\" height=\"1024\" src=\"https:\/\/grupoartigiano.com\/wp-content\/uploads\/2025\/03\/SLV04988-682x1024.jpg\" alt=\"Ravioli\" class=\"wp-image-155\" style=\"border-radius:8px;aspect-ratio:1.7777777777777777;object-fit:cover;width:423px;height:auto\" srcset=\"https:\/\/grupoartigiano.com\/wp-content\/uploads\/2025\/03\/SLV04988-682x1024.jpg 682w, https:\/\/grupoartigiano.com\/wp-content\/uploads\/2025\/03\/SLV04988-200x300.jpg 200w, https:\/\/grupoartigiano.com\/wp-content\/uploads\/2025\/03\/SLV04988-768x1152.jpg 768w, https:\/\/grupoartigiano.com\/wp-content\/uploads\/2025\/03\/SLV04988-1024x1536.jpg 1024w, https:\/\/grupoartigiano.com\/wp-content\/uploads\/2025\/03\/SLV04988.jpg 1333w\" sizes=\"auto, (max-width: 682px) 100vw, 682px\" \/><\/figure>\n\n\n\n<figure class=\"wp-block-image size-medium is-resized has-custom-border hostinger-ai-image hostinger-index-3\"><img loading=\"lazy\" decoding=\"async\" width=\"200\" height=\"300\" src=\"https:\/\/grupoartigiano.com\/wp-content\/uploads\/2025\/03\/SLV05800-3-200x300.jpg\" alt=\"Focaccia\" class=\"wp-image-150\" style=\"border-radius:8px;aspect-ratio:0.5625;object-fit:cover;width:196px;height:auto\" srcset=\"https:\/\/grupoartigiano.com\/wp-content\/uploads\/2025\/03\/SLV05800-3-200x300.jpg 200w, https:\/\/grupoartigiano.com\/wp-content\/uploads\/2025\/03\/SLV05800-3-682x1024.jpg 682w, https:\/\/grupoartigiano.com\/wp-content\/uploads\/2025\/03\/SLV05800-3-768x1152.jpg 768w, https:\/\/grupoartigiano.com\/wp-content\/uploads\/2025\/03\/SLV05800-3-1024x1536.jpg 1024w, https:\/\/grupoartigiano.com\/wp-content\/uploads\/2025\/03\/SLV05800-3.jpg 1333w\" sizes=\"auto, (max-width: 200px) 100vw, 200px\" \/><\/figure>\n<\/div>\n\n\n\n<div class=\"wp-block-group hostinger-ai-fade-up is-content-justification-center is-layout-flex wp-container-core-group-is-layout-dbf8221c wp-block-group-is-layout-flex\" data-aos=\"fade-up\" style=\"margin-bottom:var(--wp--preset--spacing--20)\">\n<figure class=\"wp-block-image size-medium is-resized has-custom-border hostinger-ai-image\"><img loading=\"lazy\" decoding=\"async\" width=\"200\" height=\"300\" src=\"https:\/\/grupoartigiano.com\/wp-content\/uploads\/2025\/03\/si-.-brunch-1-2-200x300.jpg\" alt=\"Brunch\" class=\"wp-image-232\" style=\"border-radius:8px;aspect-ratio:0.5625;object-fit:cover;width:205px;height:auto\" srcset=\"https:\/\/grupoartigiano.com\/wp-content\/uploads\/2025\/03\/si-.-brunch-1-2-200x300.jpg 200w, https:\/\/grupoartigiano.com\/wp-content\/uploads\/2025\/03\/si-.-brunch-1-2-683x1024.jpg 683w, https:\/\/grupoartigiano.com\/wp-content\/uploads\/2025\/03\/si-.-brunch-1-2-768x1152.jpg 768w, https:\/\/grupoartigiano.com\/wp-content\/uploads\/2025\/03\/si-.-brunch-1-2-1024x1536.jpg 1024w, https:\/\/grupoartigiano.com\/wp-content\/uploads\/2025\/03\/si-.-brunch-1-2-1365x2048.jpg 1365w, https:\/\/grupoartigiano.com\/wp-content\/uploads\/2025\/03\/si-.-brunch-1-2-scaled.jpg 1707w\" sizes=\"auto, (max-width: 200px) 100vw, 200px\" \/><\/figure>\n\n\n\n<figure class=\"wp-block-image size-large is-resized has-custom-border hostinger-ai-image hostinger-index-1\"><img loading=\"lazy\" decoding=\"async\" width=\"602\" height=\"1024\" src=\"https:\/\/grupoartigiano.com\/wp-content\/uploads\/2025\/06\/Cone-2-602x1024.jpeg\" alt=\"\" class=\"wp-image-731\" style=\"border-radius:8px;width:256px;height:auto\" srcset=\"https:\/\/grupoartigiano.com\/wp-content\/uploads\/2025\/06\/Cone-2-602x1024.jpeg 602w, https:\/\/grupoartigiano.com\/wp-content\/uploads\/2025\/06\/Cone-2-176x300.jpeg 176w, https:\/\/grupoartigiano.com\/wp-content\/uploads\/2025\/06\/Cone-2-768x1306.jpeg 768w, https:\/\/grupoartigiano.com\/wp-content\/uploads\/2025\/06\/Cone-2-903x1536.jpeg 903w, https:\/\/grupoartigiano.com\/wp-content\/uploads\/2025\/06\/Cone-2-7x12.jpeg 7w, https:\/\/grupoartigiano.com\/wp-content\/uploads\/2025\/06\/Cone-2.jpeg 1204w\" sizes=\"auto, (max-width: 602px) 100vw, 602px\" \/><\/figure>\n<\/div>\n<\/div>\n<\/div>\n<\/div>\n<\/div>\n\n\n<button translate=\"no\" class=\"btg-button btg-button-1 btg-right\" data-btnid=\"1\" data-url=\"https:\/\/www.google.com\/maps\/reserve\/v\/dine\/c\/SmzoCOqwDR0?source=pa&amp;opi=79508299&amp;hl=es-419&amp;gei=VgbbZ_2OErmNxc8PqPC00Qc&amp;sourceurl=httpswww.google.comsearchtbmmapauthuser0hles-419glptpb4m121m31d3120.68860225949952d-9.137606424062053d38.727383771760842m31f02f03f03m21i15122i7704f13.17i2010b112m241m518b130b131m11b134e12m35m16e220e34b010b112b113b116b117m13e120m35e26b114b146m11b096b119m42m31i3602i1204i820m482m21i2032i1003m22i45b16m61m21i862i861m21i4082i2407m331m31e12b03e31m31e22b13e21m31e22b03e31m31e82b03e31m31e102b03e31m31e102b13e21m31e102b03e41m31e92b13e22b19b022m61s8PHaZ93MDNKIxc8PutiFOA42s1i0t11886p8PHaZ93MDNKIxc8PutiFOA47e8112e517s8PHaZ93MDNKIxc8PutiFOA26218e1524m1081m3213m92b13b14b16i18b19b114b120b125b118m213b14b15b16b19b112b113b114b117b120b121b122b125b127m11b028b032b133m11b134b036e110m18e311m13e114m13b017b120m21e31e624b125b126b129b130m12b136b139m32m22i13i143b152b154m11b155b156m11b165m53m41m31m21i2242i29871b172m221m82b15b17b112m41b12b14m11e14b18m101m64m11e14m11e34m11e43sother_user_google_reviews6m11e19b189b198m31b12b13b1103b1113b1114m31b12m11b1117b1122m11b1125b0126b1127b126m42m31i802i924i830m281m61m21i02i02m21i5302i7701m61m21i14622i02m21i15122i7701m61m21i02i02m21i15122i201m61m21i02i7502m21i15122i77034m182b13b14b16b18m61b13b14b15b16b17b19b112b114b120b123b125b126b137m11e8142b147m049m103b16m21b12b17m21e32b18b19b110e250m42e23m21b13b167m37b110b114b169i724qristotanteartigianooqristotanteartigianogs_lmaps.3..38i10i384i442i426k1j38i10i426k1j38i10i377i430i463k1j38i10i377i430i427k1l2.5055919.5058710.3.5058946.21.21.....132.1354.3j9.12.....0....1..maps..9.12.1442.0..38i39i111i426k1j38i39i111i428k1j38i444k1j38i426k1j38i377k1j38i10i377k1j38i10k1j38i10i427k1.ech3psi8PHaZ93MDNKIxc8PutiFOA.1742402032639.1&amp;ihs=14\" data-action=\"link\" data-target=\"_self\">Book Now<\/button>","protected":false},"excerpt":{"rendered":"<p>Xhuliano HilaCEO Xhuliano Hila \u00e9 um apaixonado pela cozinha italiana. Desde muito jovem, emigrou para It\u00e1lia para concluir os seus estudos, onde descobriu o seu amor pela gastronomia e pela riqueza da cultura italiana.Com uma vis\u00e3o inovadora e um profundo respeito pela tradi\u00e7\u00e3o, trouxe a Lisboa os aut\u00eanticos sabores de It\u00e1lia, combinando pratos t\u00edpicos com [&hellip;]<\/p>\n","protected":false},"author":2,"featured_media":0,"parent":0,"menu_order":0,"comment_status":"closed","ping_status":"closed","template":"","meta":{"footnotes":""},"class_list":["post-43","page","type-page","status-publish","hentry"],"_links":{"self":[{"href":"https:\/\/grupoartigiano.com\/en\/wp-json\/wp\/v2\/pages\/43","targetHints":{"allow":["GET"]}}],"collection":[{"href":"https:\/\/grupoartigiano.com\/en\/wp-json\/wp\/v2\/pages"}],"about":[{"href":"https:\/\/grupoartigiano.com\/en\/wp-json\/wp\/v2\/types\/page"}],"author":[{"embeddable":true,"href":"https:\/\/grupoartigiano.com\/en\/wp-json\/wp\/v2\/users\/2"}],"replies":[{"embeddable":true,"href":"https:\/\/grupoartigiano.com\/en\/wp-json\/wp\/v2\/comments?post=43"}],"version-history":[{"count":50,"href":"https:\/\/grupoartigiano.com\/en\/wp-json\/wp\/v2\/pages\/43\/revisions"}],"predecessor-version":[{"id":734,"href":"https:\/\/grupoartigiano.com\/en\/wp-json\/wp\/v2\/pages\/43\/revisions\/734"}],"wp:attachment":[{"href":"https:\/\/grupoartigiano.com\/en\/wp-json\/wp\/v2\/media?parent=43"}],"curies":[{"name":"wp","href":"https:\/\/api.w.org\/{rel}","templated":true}]}}