{"id":42,"date":"2025-03-05T16:46:16","date_gmt":"2025-03-05T16:46:16","guid":{"rendered":"https:\/\/grupoartigiano.com\/inicio\/"},"modified":"2025-05-03T00:02:34","modified_gmt":"2025-05-03T00:02:34","slug":"inicio","status":"publish","type":"page","link":"https:\/\/grupoartigiano.com\/en\/","title":{"rendered":"Home"},"content":{"rendered":"\n<div class=\"wp-block-group alignfull hostinger-ai-hero-1 hostinger-ai-fade-up has-gradient-one-gradient-background has-background has-global-padding is-layout-constrained wp-block-group-is-layout-constrained\" data-aos=\"fade-up\">\n<div class=\"wp-block-cover alignfull wp-duotone-unset-4\" style=\"min-height:443px;aspect-ratio:unset;\"><video class=\"wp-block-cover__video-background intrinsic-ignore\" autoplay muted loop playsinline src=\"https:\/\/grupoartigiano.com\/wp-content\/uploads\/2025\/03\/Video-Lisboa-Artigiano-3.mp4\" style=\"object-position:33% 67%\" data-object-fit=\"cover\" data-object-position=\"33% 67%\"><\/video><span aria-hidden=\"true\" class=\"wp-block-cover__background has-background-dim-30 has-background-dim\"><\/span><div class=\"wp-block-cover__inner-container is-layout-flow wp-block-cover-is-layout-flow\">\n<p class=\"has-text-align-center has-large-font-size\"><img loading=\"lazy\" decoding=\"async\" width=\"270\" height=\"270\" class=\"wp-image-595\" style=\"width: 270px;\" src=\"https:\/\/grupoartigiano.com\/wp-content\/uploads\/2025\/04\/sem-fondo.png\" alt=\"\" srcset=\"https:\/\/grupoartigiano.com\/wp-content\/uploads\/2025\/04\/sem-fondo.png 1000w, https:\/\/grupoartigiano.com\/wp-content\/uploads\/2025\/04\/sem-fondo-300x300.png 300w, https:\/\/grupoartigiano.com\/wp-content\/uploads\/2025\/04\/sem-fondo-150x150.png 150w, https:\/\/grupoartigiano.com\/wp-content\/uploads\/2025\/04\/sem-fondo-768x768.png 768w, https:\/\/grupoartigiano.com\/wp-content\/uploads\/2025\/04\/sem-fondo-12x12.png 12w\" sizes=\"auto, (max-width: 270px) 100vw, 270px\" \/><\/p>\n\n\n\n<div class=\"wp-block-columns are-vertically-aligned-center is-layout-flex wp-container-core-columns-is-layout-28f84493 wp-block-columns-is-layout-flex\">\n<div class=\"wp-block-column is-vertically-aligned-center is-layout-flow wp-block-column-is-layout-flow\" style=\"flex-basis:33.34%\"><div\n\t\tclass=\"free align wp-block-btn-button\"\tid='btnButton-1'\n\tdata-nonce='&quot;1da778cdb2&quot;'\n\tdata-attributes='{&quot;cPostId&quot;:42,&quot;text&quot;:&quot;&lt;a href=\\&quot;https:\\\/\\\/grupoartigiano.com\\\/brunch-artigiano\\\/\\&quot; data-type=\\&quot;page\\&quot; data-id=\\&quot;44\\&quot;&gt;Brunch Artigiano&lt;\\\/a&gt;&quot;,&quot;icon&quot;:{&quot;class&quot;:&quot;fa-solid fa-utensils&quot;},&quot;colors&quot;:{&quot;color&quot;:&quot;#fff&quot;,&quot;bg&quot;:&quot;rgba(245, 245, 245, 0.27)&quot;},&quot;hovColors&quot;:{&quot;color&quot;:&quot;#fff&quot;,&quot;bg&quot;:&quot;rgba(0, 0, 0, 0.14)&quot;},&quot;shadow&quot;:[{&quot;hOffset&quot;:&quot;0px&quot;,&quot;vOffset&quot;:&quot;0px&quot;,&quot;blur&quot;:&quot;0px&quot;,&quot;spreed&quot;:&quot;0px&quot;,&quot;color&quot;:&quot;rgba(13, 20, 26, 0.26)&quot;,&quot;isInset&quot;:false}],&quot;metadata&quot;:{&quot;name&quot;:&quot;Brunch Artigiano&quot;},&quot;align&quot;:&quot;&quot;,&quot;actionType&quot;:&quot;link&quot;,&quot;security&quot;:&quot;none&quot;,&quot;securityPassword&quot;:&quot;&quot;,&quot;url&quot;:&quot;&quot;,&quot;tooltip&quot;:&quot;&quot;,&quot;tooltipPos&quot;:&quot;top&quot;,&quot;target&quot;:&quot;_self&quot;,&quot;attrs&quot;:{&quot;rel&quot;:&quot;noreferrer&quot;,&quot;referrerpolicy&quot;:&quot;no-referrer&quot;},&quot;hideOn&quot;:{&quot;desktop&quot;:false,&quot;tablet&quot;:false,&quot;mobile&quot;:false},&quot;isDownload&quot;:false,&quot;downloadFileName&quot;:&quot;&quot;,&quot;isUpIcon&quot;:false,&quot;upIcon&quot;:{&quot;id&quot;:null,&quot;url&quot;:&quot;&quot;,&quot;alt&quot;:&quot;&quot;,&quot;title&quot;:&quot;&quot;},&quot;iconPos&quot;:&quot;left&quot;,&quot;type&quot;:&quot;flat&quot;,&quot;isFullWidth&quot;:false,&quot;size&quot;:&quot;medium&quot;,&quot;popup&quot;:{&quot;type&quot;:&quot;image&quot;,&quot;content&quot;:&quot;&quot;,&quot;caption&quot;:&quot;&quot;,&quot;width&quot;:&quot;&quot;},&quot;animationType&quot;:&quot;&quot;,&quot;animationDuration&quot;:0.4,&quot;addID&quot;:&quot;&quot;,&quot;addCSS&quot;:&quot;&quot;,&quot;alignment&quot;:&quot;center&quot;,&quot;typography&quot;:{&quot;fontSize&quot;:{&quot;desktop&quot;:&quot;16px&quot;},&quot;fontWeight&quot;:600,&quot;textDecoration&quot;:&quot;none&quot;},&quot;padding&quot;:{&quot;vertical&quot;:&quot;12px&quot;,&quot;horizontal&quot;:&quot;24px&quot;},&quot;border&quot;:{&quot;radius&quot;:&quot;5px&quot;},&quot;TrpContentRestriction&quot;:{&quot;restriction_type&quot;:&quot;exclude&quot;,&quot;selected_languages&quot;:[],&quot;panel_open&quot;:true}}'\n\tdata-info='{&quot;userRoles&quot;:[],&quot;loginURL&quot;:&quot;https:\\\/\\\/grupoartigiano.com\\\/wp-login.php&quot;}'\n\tdata-pipecheck=''\n><\/div><\/div>\n\n\n\n<div class=\"wp-block-column is-vertically-aligned-center is-layout-flow wp-block-column-is-layout-flow\" style=\"flex-basis:33.34%\"><div\n\t\tclass=\"free align wp-block-btn-button\"\tid='btnButton-2'\n\tdata-nonce='&quot;1da778cdb2&quot;'\n\tdata-attributes='{&quot;cPostId&quot;:42,&quot;text&quot;:&quot;&lt;a href=\\&quot;https:\\\/\\\/grupoartigiano.com\\\/artigiano-ristorante\\\/\\&quot; data-type=\\&quot;page\\&quot; data-id=\\&quot;45\\&quot;&gt;Artigiano Ristorante&lt;\\\/a&gt;&quot;,&quot;icon&quot;:{&quot;class&quot;:&quot;fa-solid fa-utensils&quot;},&quot;colors&quot;:{&quot;color&quot;:&quot;#fff&quot;,&quot;bg&quot;:&quot;rgba(245, 245, 245, 0.27)&quot;},&quot;hovColors&quot;:{&quot;color&quot;:&quot;#fff&quot;,&quot;bg&quot;:&quot;rgba(0, 0, 0, 0.14)&quot;},&quot;shadow&quot;:[{&quot;hOffset&quot;:&quot;0px&quot;,&quot;vOffset&quot;:&quot;0px&quot;,&quot;blur&quot;:&quot;0px&quot;,&quot;spreed&quot;:&quot;0px&quot;,&quot;color&quot;:&quot;rgba(13, 20, 26, 0.26)&quot;,&quot;isInset&quot;:false}],&quot;metadata&quot;:{&quot;name&quot;:&quot;Artigiano Ristorante&quot;},&quot;align&quot;:&quot;&quot;,&quot;actionType&quot;:&quot;link&quot;,&quot;security&quot;:&quot;none&quot;,&quot;securityPassword&quot;:&quot;&quot;,&quot;url&quot;:&quot;&quot;,&quot;tooltip&quot;:&quot;&quot;,&quot;tooltipPos&quot;:&quot;top&quot;,&quot;target&quot;:&quot;_self&quot;,&quot;attrs&quot;:{&quot;rel&quot;:&quot;noreferrer&quot;,&quot;referrerpolicy&quot;:&quot;no-referrer&quot;},&quot;hideOn&quot;:{&quot;desktop&quot;:false,&quot;tablet&quot;:false,&quot;mobile&quot;:false},&quot;isDownload&quot;:false,&quot;downloadFileName&quot;:&quot;&quot;,&quot;isUpIcon&quot;:false,&quot;upIcon&quot;:{&quot;id&quot;:null,&quot;url&quot;:&quot;&quot;,&quot;alt&quot;:&quot;&quot;,&quot;title&quot;:&quot;&quot;},&quot;iconPos&quot;:&quot;left&quot;,&quot;type&quot;:&quot;flat&quot;,&quot;isFullWidth&quot;:false,&quot;size&quot;:&quot;medium&quot;,&quot;popup&quot;:{&quot;type&quot;:&quot;image&quot;,&quot;content&quot;:&quot;&quot;,&quot;caption&quot;:&quot;&quot;,&quot;width&quot;:&quot;&quot;},&quot;animationType&quot;:&quot;&quot;,&quot;animationDuration&quot;:0.4,&quot;addID&quot;:&quot;&quot;,&quot;addCSS&quot;:&quot;&quot;,&quot;alignment&quot;:&quot;center&quot;,&quot;typography&quot;:{&quot;fontSize&quot;:{&quot;desktop&quot;:&quot;16px&quot;},&quot;fontWeight&quot;:600,&quot;textDecoration&quot;:&quot;none&quot;},&quot;padding&quot;:{&quot;vertical&quot;:&quot;12px&quot;,&quot;horizontal&quot;:&quot;24px&quot;},&quot;border&quot;:{&quot;radius&quot;:&quot;5px&quot;},&quot;TrpContentRestriction&quot;:{&quot;restriction_type&quot;:&quot;exclude&quot;,&quot;selected_languages&quot;:[],&quot;panel_open&quot;:true}}'\n\tdata-info='{&quot;userRoles&quot;:[],&quot;loginURL&quot;:&quot;https:\\\/\\\/grupoartigiano.com\\\/wp-login.php&quot;}'\n\tdata-pipecheck=''\n><\/div><\/div>\n\n\n\n<div class=\"wp-block-column is-vertically-aligned-center is-layout-flow wp-block-column-is-layout-flow\" style=\"flex-basis:33.33%\"><div\n\t\tclass=\"free align wp-block-btn-button\"\tid='btnButton-3'\n\tdata-nonce='&quot;1da778cdb2&quot;'\n\tdata-attributes='{&quot;cPostId&quot;:42,&quot;text&quot;:&quot;&lt;a href=\\&quot;https:\\\/\\\/grupoartigiano.com\\\/artigiano-gelati\\\/\\&quot; data-type=\\&quot;page\\&quot; data-id=\\&quot;579\\&quot;&gt;Artigiano Gelati&lt;\\\/a&gt;&quot;,&quot;icon&quot;:{&quot;class&quot;:&quot;fa-solid fa-utensils&quot;},&quot;colors&quot;:{&quot;color&quot;:&quot;#fff&quot;,&quot;bg&quot;:&quot;rgba(245, 245, 245, 0.27)&quot;},&quot;hovColors&quot;:{&quot;color&quot;:&quot;#fff&quot;,&quot;bg&quot;:&quot;rgba(0, 0, 0, 0.14)&quot;},&quot;shadow&quot;:[{&quot;hOffset&quot;:&quot;0px&quot;,&quot;vOffset&quot;:&quot;0px&quot;,&quot;blur&quot;:&quot;0px&quot;,&quot;spreed&quot;:&quot;0px&quot;,&quot;color&quot;:&quot;rgba(13, 20, 26, 0.26)&quot;,&quot;isInset&quot;:false}],&quot;metadata&quot;:{&quot;name&quot;:&quot;Artigiano Gelati&quot;},&quot;align&quot;:&quot;&quot;,&quot;actionType&quot;:&quot;link&quot;,&quot;security&quot;:&quot;none&quot;,&quot;securityPassword&quot;:&quot;&quot;,&quot;url&quot;:&quot;&quot;,&quot;tooltip&quot;:&quot;&quot;,&quot;tooltipPos&quot;:&quot;top&quot;,&quot;target&quot;:&quot;_self&quot;,&quot;attrs&quot;:{&quot;rel&quot;:&quot;noreferrer&quot;,&quot;referrerpolicy&quot;:&quot;no-referrer&quot;},&quot;hideOn&quot;:{&quot;desktop&quot;:false,&quot;tablet&quot;:false,&quot;mobile&quot;:false},&quot;isDownload&quot;:false,&quot;downloadFileName&quot;:&quot;&quot;,&quot;isUpIcon&quot;:false,&quot;upIcon&quot;:{&quot;id&quot;:null,&quot;url&quot;:&quot;&quot;,&quot;alt&quot;:&quot;&quot;,&quot;title&quot;:&quot;&quot;},&quot;iconPos&quot;:&quot;left&quot;,&quot;type&quot;:&quot;flat&quot;,&quot;isFullWidth&quot;:false,&quot;size&quot;:&quot;medium&quot;,&quot;popup&quot;:{&quot;type&quot;:&quot;image&quot;,&quot;content&quot;:&quot;&quot;,&quot;caption&quot;:&quot;&quot;,&quot;width&quot;:&quot;&quot;},&quot;animationType&quot;:&quot;&quot;,&quot;animationDuration&quot;:0.4,&quot;addID&quot;:&quot;&quot;,&quot;addCSS&quot;:&quot;&quot;,&quot;alignment&quot;:&quot;center&quot;,&quot;typography&quot;:{&quot;fontSize&quot;:{&quot;desktop&quot;:&quot;16px&quot;},&quot;fontWeight&quot;:600,&quot;textDecoration&quot;:&quot;none&quot;},&quot;padding&quot;:{&quot;vertical&quot;:&quot;12px&quot;,&quot;horizontal&quot;:&quot;24px&quot;},&quot;border&quot;:{&quot;radius&quot;:&quot;5px&quot;},&quot;TrpContentRestriction&quot;:{&quot;restriction_type&quot;:&quot;exclude&quot;,&quot;selected_languages&quot;:[],&quot;panel_open&quot;:true}}'\n\tdata-info='{&quot;userRoles&quot;:[],&quot;loginURL&quot;:&quot;https:\\\/\\\/grupoartigiano.com\\\/wp-login.php&quot;}'\n\tdata-pipecheck=''\n><\/div><\/div>\n<\/div>\n<\/div><\/div>\n<\/div>\n\n\n<p style=\"font-size:clamp(14px, 0.875rem + ((1vw - 3.2px) * 0.513), 18px);\" class=\"has-text-align-center alignwide wp-block-site-tagline has-cinzel-font-family\">A ess\u00eancia da gastronomia italiana em Lisboa.<\/p>\n\n\n<div class=\"wp-block-group alignfull hostinger-ai-fade-up has-global-padding is-layout-constrained wp-block-group-is-layout-constrained\" data-aos=\"fade-up\">\n<div class=\"wp-block-group alignwide hostinger-ai-fade-up has-global-padding is-content-justification-center is-layout-constrained wp-block-group-is-layout-constrained\" data-aos=\"fade-up\">\n<h2 class=\"wp-block-heading has-text-align-center is-style-default hostinger-ai-title has-color-3-color has-text-color has-link-color has-roboto-font-family wp-elements-f6c95345fab3b883303281118246cf3a\" style=\"border-radius:0px;margin-top:var(--wp--preset--spacing--40);margin-right:0;margin-bottom:0;margin-left:0;padding-top:0;padding-right:var(--wp--preset--spacing--20);padding-bottom:0;padding-left:var(--wp--preset--spacing--20);font-size:clamp(16.293px, 1.018rem + ((1vw - 3.2px) * 1.116), 25px);font-style:normal;font-weight:300\"><strong>Estamos \u00e0 tua espera<\/strong><\/h2>\n<\/div>\n\n\n\n<div class=\"wp-block-columns is-layout-flex wp-container-core-columns-is-layout-28f84493 wp-block-columns-is-layout-flex\">\n<div class=\"wp-block-column is-layout-flow wp-block-column-is-layout-flow\">\n<figure class=\"wp-block-image size-large\"><img loading=\"lazy\" decoding=\"async\" width=\"1024\" height=\"1024\" src=\"https:\/\/grupoartigiano.com\/wp-content\/uploads\/2025\/04\/Logo-Brunch-verelho-1024x1024.jpeg\" alt=\"\" class=\"wp-image-581\" srcset=\"https:\/\/grupoartigiano.com\/wp-content\/uploads\/2025\/04\/Logo-Brunch-verelho-1024x1024.jpeg 1024w, https:\/\/grupoartigiano.com\/wp-content\/uploads\/2025\/04\/Logo-Brunch-verelho-300x300.jpeg 300w, https:\/\/grupoartigiano.com\/wp-content\/uploads\/2025\/04\/Logo-Brunch-verelho-150x150.jpeg 150w, https:\/\/grupoartigiano.com\/wp-content\/uploads\/2025\/04\/Logo-Brunch-verelho-768x768.jpeg 768w, https:\/\/grupoartigiano.com\/wp-content\/uploads\/2025\/04\/Logo-Brunch-verelho-1536x1536.jpeg 1536w, https:\/\/grupoartigiano.com\/wp-content\/uploads\/2025\/04\/Logo-Brunch-verelho-12x12.jpeg 12w, https:\/\/grupoartigiano.com\/wp-content\/uploads\/2025\/04\/Logo-Brunch-verelho.jpeg 1600w\" sizes=\"auto, (max-width: 1024px) 100vw, 1024px\" \/><\/figure>\n<\/div>\n\n\n\n<div class=\"wp-block-column is-layout-flow wp-block-column-is-layout-flow\">\n<figure class=\"wp-block-image size-full\"><img loading=\"lazy\" decoding=\"async\" width=\"512\" height=\"512\" src=\"https:\/\/grupoartigiano.com\/wp-content\/uploads\/2025\/04\/Logo-Artigiano-Ristorante.jpg\" alt=\"\" class=\"wp-image-584\" srcset=\"https:\/\/grupoartigiano.com\/wp-content\/uploads\/2025\/04\/Logo-Artigiano-Ristorante.jpg 512w, https:\/\/grupoartigiano.com\/wp-content\/uploads\/2025\/04\/Logo-Artigiano-Ristorante-300x300.jpg 300w, https:\/\/grupoartigiano.com\/wp-content\/uploads\/2025\/04\/Logo-Artigiano-Ristorante-150x150.jpg 150w, https:\/\/grupoartigiano.com\/wp-content\/uploads\/2025\/04\/Logo-Artigiano-Ristorante-12x12.jpg 12w\" sizes=\"auto, (max-width: 512px) 100vw, 512px\" \/><\/figure>\n<\/div>\n\n\n\n<div class=\"wp-block-column is-layout-flow wp-block-column-is-layout-flow\">\n<figure class=\"wp-block-image size-large\"><img loading=\"lazy\" decoding=\"async\" width=\"1024\" height=\"1024\" src=\"https:\/\/grupoartigiano.com\/wp-content\/uploads\/2025\/05\/WhatsApp-Image-2025-05-01-at-15.02.02-1024x1024.jpeg\" alt=\"\" class=\"wp-image-602\" srcset=\"https:\/\/grupoartigiano.com\/wp-content\/uploads\/2025\/05\/WhatsApp-Image-2025-05-01-at-15.02.02-1024x1024.jpeg 1024w, https:\/\/grupoartigiano.com\/wp-content\/uploads\/2025\/05\/WhatsApp-Image-2025-05-01-at-15.02.02-300x300.jpeg 300w, https:\/\/grupoartigiano.com\/wp-content\/uploads\/2025\/05\/WhatsApp-Image-2025-05-01-at-15.02.02-150x150.jpeg 150w, https:\/\/grupoartigiano.com\/wp-content\/uploads\/2025\/05\/WhatsApp-Image-2025-05-01-at-15.02.02-768x768.jpeg 768w, https:\/\/grupoartigiano.com\/wp-content\/uploads\/2025\/05\/WhatsApp-Image-2025-05-01-at-15.02.02-12x12.jpeg 12w, https:\/\/grupoartigiano.com\/wp-content\/uploads\/2025\/05\/WhatsApp-Image-2025-05-01-at-15.02.02.jpeg 1400w\" sizes=\"auto, (max-width: 1024px) 100vw, 1024px\" \/><\/figure>\n<\/div>\n<\/div>\n<\/div>\n\n\n\n<div class=\"wp-block-group alignfull hostinger-ai-solid-block hostinger-ai-fade-up has-color-1-background-color has-background has-global-padding is-layout-constrained wp-block-group-is-layout-constrained\" data-aos=\"fade-up\" style=\"padding-top:var(--wp--preset--spacing--60);padding-bottom:var(--wp--preset--spacing--60)\">\n<div class=\"wp-block-group alignwide hostinger-ai-fade-up is-vertical is-content-justification-center is-nowrap is-layout-flex wp-container-core-group-is-layout-4cc6ee0a wp-block-group-is-layout-flex\" data-aos=\"fade-up\" style=\"min-height:0px;padding-top:0;padding-bottom:0\">\n<div class=\"wp-block-group hostinger-ai-fade-up wp-container-content-69bc4bdf has-global-padding is-content-justification-center is-layout-constrained wp-container-core-group-is-layout-78267832 wp-block-group-is-layout-constrained\" data-aos=\"fade-up\">\n<h2 class=\"wp-block-heading has-text-align-center hostinger-ai-title has-color-3-color has-text-color has-link-color has-lato-font-family wp-elements-ff20c0dccc6d5f44d9f40ea0c3ba9a39\" style=\"margin-top:0;margin-right:0;margin-bottom:0;margin-left:0;font-size:clamp(16.293px, 1.018rem + ((1vw - 3.2px) * 1.116), 25px);\">Descobre a fus\u00e3o perfeita entre tradi\u00e7\u00e3o e modernidade no nosso restaurante.<\/h2>\n\n\n\n<p><\/p>\n<\/div>\n\n\n\n<div class=\"wp-block-group hostinger-ai-fade-up wp-container-content-69bc4bdf has-global-padding is-content-justification-center is-layout-constrained wp-container-core-group-is-layout-78267832 wp-block-group-is-layout-constrained\" data-aos=\"fade-up\">\n<div class=\"wp-block-buttons is-content-justification-center is-layout-flex wp-container-core-buttons-is-layout-a89b3969 wp-block-buttons-is-layout-flex\">\n<div class=\"wp-block-button hostinger-ai-cta-button\"><a class=\"wp-block-button__link has-dark-color has-contrast-background-color has-text-color has-background has-link-color has-border-color has-dark-border-color has-medium-font-size has-custom-font-size wp-element-button\" href=\"https:\/\/www.google.com\/maps\/reserve\/v\/dine\/c\/SmzoCOqwDR0?source=pa&amp;opi=89978449&amp;hl=es-419&amp;gei=o7LZZ4nOFomhkdUPt5-u-AU&amp;sourceurl=https%3A%2F%2Fwww.google.com%2Fsearch%3Fclient%3Dsafari%26rls%3Den%26q%3Dartigiano%2Bristorante%26ie%3DUTF-8%26oe%3DUTF-8&amp;ihs=3\" style=\"padding-top:var(--wp--preset--spacing--30);padding-right:var(--wp--preset--spacing--70);padding-bottom:var(--wp--preset--spacing--30);padding-left:var(--wp--preset--spacing--70)\">Reserva a sua mesa aqui<\/a><\/div>\n<\/div>\n<\/div>\n<\/div>\n<\/div>\n\n\n<button translate=\"no\" class=\"btg-button btg-button-1 btg-right\" data-btnid=\"1\" data-url=\"https:\/\/www.google.com\/maps\/reserve\/v\/dine\/c\/SmzoCOqwDR0?source=pa&amp;opi=79508299&amp;hl=es-419&amp;gei=VgbbZ_2OErmNxc8PqPC00Qc&amp;sourceurl=httpswww.google.comsearchtbmmapauthuser0hles-419glptpb4m121m31d3120.68860225949952d-9.137606424062053d38.727383771760842m31f02f03f03m21i15122i7704f13.17i2010b112m241m518b130b131m11b134e12m35m16e220e34b010b112b113b116b117m13e120m35e26b114b146m11b096b119m42m31i3602i1204i820m482m21i2032i1003m22i45b16m61m21i862i861m21i4082i2407m331m31e12b03e31m31e22b13e21m31e22b03e31m31e82b03e31m31e102b03e31m31e102b13e21m31e102b03e41m31e92b13e22b19b022m61s8PHaZ93MDNKIxc8PutiFOA42s1i0t11886p8PHaZ93MDNKIxc8PutiFOA47e8112e517s8PHaZ93MDNKIxc8PutiFOA26218e1524m1081m3213m92b13b14b16i18b19b114b120b125b118m213b14b15b16b19b112b113b114b117b120b121b122b125b127m11b028b032b133m11b134b036e110m18e311m13e114m13b017b120m21e31e624b125b126b129b130m12b136b139m32m22i13i143b152b154m11b155b156m11b165m53m41m31m21i2242i29871b172m221m82b15b17b112m41b12b14m11e14b18m101m64m11e14m11e34m11e43sother_user_google_reviews6m11e19b189b198m31b12b13b1103b1113b1114m31b12m11b1117b1122m11b1125b0126b1127b126m42m31i802i924i830m281m61m21i02i02m21i5302i7701m61m21i14622i02m21i15122i7701m61m21i02i02m21i15122i201m61m21i02i7502m21i15122i77034m182b13b14b16b18m61b13b14b15b16b17b19b112b114b120b123b125b126b137m11e8142b147m049m103b16m21b12b17m21e32b18b19b110e250m42e23m21b13b167m37b110b114b169i724qristotanteartigianooqristotanteartigianogs_lmaps.3..38i10i384i442i426k1j38i10i426k1j38i10i377i430i463k1j38i10i377i430i427k1l2.5055919.5058710.3.5058946.21.21.....132.1354.3j9.12.....0....1..maps..9.12.1442.0..38i39i111i426k1j38i39i111i428k1j38i444k1j38i426k1j38i377k1j38i10i377k1j38i10k1j38i10i427k1.ech3psi8PHaZ93MDNKIxc8PutiFOA.1742402032639.1&amp;ihs=14\" data-action=\"link\" data-target=\"_self\">Reservar<\/button>\n","protected":false},"excerpt":{"rendered":"<p>Nuestros locales Ofrecemos experiencias culinarias \u00fanicas que combinan tradici\u00f3n y modernidad en cada plato. Disfruta de un brunch excepcional con sabores aut\u00e9nticos y un ambiente refinado y acogeor. Experiencia Exclusiva Descubre la fusi\u00f3n perfecta entre tradici\u00f3n y modernidad en nuestro restaurante. Reserva tu mesa y disfruta de lo mejor.<\/p>","protected":false},"author":2,"featured_media":0,"parent":0,"menu_order":0,"comment_status":"closed","ping_status":"closed","template":"","meta":{"footnotes":""},"class_list":["post-42","page","type-page","status-publish","hentry"],"_links":{"self":[{"href":"https:\/\/grupoartigiano.com\/en\/wp-json\/wp\/v2\/pages\/42","targetHints":{"allow":["GET"]}}],"collection":[{"href":"https:\/\/grupoartigiano.com\/en\/wp-json\/wp\/v2\/pages"}],"about":[{"href":"https:\/\/grupoartigiano.com\/en\/wp-json\/wp\/v2\/types\/page"}],"author":[{"embeddable":true,"href":"https:\/\/grupoartigiano.com\/en\/wp-json\/wp\/v2\/users\/2"}],"replies":[{"embeddable":true,"href":"https:\/\/grupoartigiano.com\/en\/wp-json\/wp\/v2\/comments?post=42"}],"version-history":[{"count":42,"href":"https:\/\/grupoartigiano.com\/en\/wp-json\/wp\/v2\/pages\/42\/revisions"}],"predecessor-version":[{"id":669,"href":"https:\/\/grupoartigiano.com\/en\/wp-json\/wp\/v2\/pages\/42\/revisions\/669"}],"wp:attachment":[{"href":"https:\/\/grupoartigiano.com\/en\/wp-json\/wp\/v2\/media?parent=42"}],"curies":[{"name":"wp","href":"https:\/\/api.w.org\/{rel}","templated":true}]}}